{"id":526,"date":"2023-08-28T14:57:24","date_gmt":"2023-08-28T12:57:24","guid":{"rendered":"https:\/\/lluisdelafuente.cat\/politica-privacidad-2\/"},"modified":"2024-03-19T14:53:09","modified_gmt":"2024-03-19T13:53:09","slug":"politica-privacidad-2","status":"publish","type":"page","link":"https:\/\/lluisdelafuente.cat\/es\/politica-privacidad-2\/","title":{"rendered":"Pol\u00edtica privacidad"},"content":{"rendered":"\t\t<div data-elementor-type=\"wp-page\" data-elementor-id=\"526\" class=\"elementor elementor-526 elementor-491\" data-elementor-post-type=\"page\">\n\t\t\t\t\t\t<section class=\"elementor-section elementor-top-section elementor-element elementor-element-238962c3 v-pg-legals elementor-section-boxed elementor-section-height-default elementor-section-height-default\" data-id=\"238962c3\" data-element_type=\"section\" data-e-type=\"section\">\n\t\t\t\t\t\t<div class=\"elementor-container elementor-column-gap-default\">\n\t\t\t\t\t<div class=\"elementor-column elementor-col-100 elementor-top-column elementor-element elementor-element-59c16d1e\" data-id=\"59c16d1e\" data-element_type=\"column\" data-e-type=\"column\">\n\t\t\t<div class=\"elementor-widget-wrap elementor-element-populated\">\n\t\t\t\t\t\t<div class=\"elementor-element elementor-element-6dd9610e elementor-widget elementor-widget-text-editor\" data-id=\"6dd9610e\" data-element_type=\"widget\" data-e-type=\"widget\" data-widget_type=\"text-editor.default\">\n\t\t\t\t<div class=\"elementor-widget-container\">\n\t\t\t\t\t\t\t\t\t<h3>1.INFORMACI\u00d3N PARA EL USUARIO<\/h3>\n<p><span style=\"color: var( --e-global-color-text ); font-family: var( --e-global-typography-text-font-family ), Sans-serif; font-weight: var( --e-global-typography-text-font-weight ); font-size: 1rem;\">Llu\u00eds de la Fuente, Arquitectura, S.L.P.U. \u00e9s el RESPONSABLE del tratamiento de los datos personales del USUARIO y le informa que estos datos se tratar\u00e1n de conformidad con lo dispuesto en el Reglamento (UE) 2016\/679, de 27 de abril (GDPR), y la Ley Org\u00e1nica 3\/2018, de 5 de diciembre (LOPDGDD).&nbsp;<\/span><\/p>\n<p><span style=\"font-weight: 700;\"><i>\u00bfPor qu\u00e9 tratamos tus datos personales?<\/i><\/span><br><\/p>\n<p>Para manterner una relaci\u00f3n comercial con el usuario. Las operaciones previstas para realizar el tratamiento son:<span style=\"font-weight: 700;\"><i><br><\/i><\/span><\/p>\n<p><span style=\"color: var( --e-global-color-text ); font-family: var( --e-global-typography-text-font-family ), Sans-serif; font-weight: var( --e-global-typography-text-font-weight ); font-size: 1rem;\">\u2013 Remesa de comunicaciones comerciales publicitarias per e-mail, fax, SMS, MMS, redes sociales o cualquier otro medio electr\u00f3nico o f\u00edsico, presente o futuro, que permita efectuar comunicaciones comerciales. Estas comunicaciones se realizar\u00e1n a trav\u00e9s del RESPONSABLE y estan relacionadas con sus productos y servicios, o con sus colaboradores o proveedores, con los que haya llegado a alg\u00fan acuerdo de promoci\u00f3n. En este caso, los terceros nunca tendr\u00e1n acceso a los datos personales.<\/span><br><\/p>\n<p><span style=\"color: var( --e-global-color-text ); font-family: var( --e-global-typography-text-font-family ), Sans-serif; font-weight: var( --e-global-typography-text-font-weight ); font-size: 1rem;\">\u2013 Efectuar estudios de mercado y an\u00e1lisis estad\u00edsticos.<\/span><\/p>\n<p><span style=\"color: var( --e-global-color-text ); font-family: var( --e-global-typography-text-font-family ), Sans-serif; font-weight: var( --e-global-typography-text-font-weight ); font-size: 1rem;\">\u2013 Tramitar encargos de peticiones, dar respuestas a las consultas o cualquier tipo de petici\u00f3n que realice el USUARIO a trav\u00e9s de cualquier tipo de petici\u00f3n que realice el USUARIO a trav\u00e9s de cualquiera de las formas de contacto que se ponen a su disposici\u00f3n en la p\u00e1gina web del RESPONSABLE.<\/span><\/p>\n<p><span style=\"color: var( --e-global-color-text ); font-family: var( --e-global-typography-text-font-family ), Sans-serif; font-weight: var( --e-global-typography-text-font-weight ); font-size: 1rem;\">\u2013 Enviar el bolet\u00edn informativo online, sobre novedades, ofertas y promociones en nuestra actividad.<\/span><\/p>\n<p><i style=\"font-weight: 700;\">\u00bfPor qu\u00e9 podemos tratar tus datos personales?<\/i><span style=\"color: var( --e-global-color-text ); font-family: var( --e-global-typography-text-font-family ), Sans-serif; font-weight: var( --e-global-typography-text-font-weight ); font-size: 1rem;\"><br><\/span><\/p>\n<p>Porque el tratamiento est\u00e1 legitimado por el art\u00edculo 6 del GDPR de la siguiente manera:<i style=\"font-weight: 700;\"><br><\/i><\/p>\n<p style=\"margin-bottom:0cm;line-height:27.0pt;tab-stops:45.8pt 91.6pt 137.4pt 183.2pt 229.0pt 274.8pt 320.6pt 366.4pt 412.2pt 458.0pt 503.8pt 549.6pt 595.4pt 641.2pt 687.0pt 732.8pt\"><font color=\"#202124\" face=\"inherit, serif\">&#8211; Con el consentimiento del USUARIO: env\u00edo de comunicaciones comerciales y del bolet\u00edn informativo.<\/font><\/p>\n<p style=\"margin-bottom:0cm;line-height:27.0pt;tab-stops:45.8pt 91.6pt 137.4pt 183.2pt 229.0pt 274.8pt 320.6pt 366.4pt 412.2pt 458.0pt 503.8pt 549.6pt 595.4pt 641.2pt 687.0pt 732.8pt\"><font color=\"#202124\" face=\"inherit, serif\">&#8211; Por inter\u00e9s leg\u00edtimo del RESPONSABLE: efectuar estudios de mercado, an\u00e1lisis estad\u00edsticos, etc. y tramitar encargos, solicitudes, etc. a petici\u00f3n del USUARIO.<\/font><\/p>\n<p style=\"margin-bottom:0cm;line-height:27.0pt;tab-stops:45.8pt 91.6pt 137.4pt 183.2pt 229.0pt 274.8pt 320.6pt 366.4pt 412.2pt 458.0pt 503.8pt 549.6pt 595.4pt 641.2pt 687.0pt 732.8pt\"><i style=\"color: var( --e-global-color-text ); font-family: var( --e-global-typography-text-font-family ), Sans-serif; font-size: 1rem; font-weight: 700;\">\u00bfDurante cu\u00e1nto tiempo guardaremos tus datos personales?<\/i><br><\/p>\n<p>Se conservar\u00e1n durante no m\u00e1s tiempo del necesario para mantener la finalidad del tratamiento o mientras haya prescripciones legales que dictaminen su custodia y cuando ya no sea necesario para ello, se suprimir\u00e1n con medidas de seguridad adequadas para garantizar la anonimizaci\u00f3n de los datos o su destrucci\u00f3n total.<\/p>\n<p><i style=\"font-weight: 700;\">\u00bfA quien facilitamos tus datos personales?<\/i><br><\/p>\n<p>No est\u00e1 prevista ninguna comunicaci\u00f3n de datos personales a terceros salvo, si fuera necesario para el desarrollo y ejecuci\u00f3n de las finalidades del tratamiento, a nuestros proveedores de servicios relacionados con comunicaciones, con los que el RESPONSABLE ha formalizado los contratos de confidencialidad y encargado de tratamiento exigidos por la normativa vigente de privacidad.<\/p>\n<p><i style=\"font-weight: 700;\">\u00bfCu\u00e1les son tus derechos?<\/i><span style=\"color: var( --e-global-color-text ); font-family: var( --e-global-typography-text-font-family ), Sans-serif; font-weight: var( --e-global-typography-text-font-weight ); font-size: 1rem;\"><br><\/span><\/p>\n<p>Los derechos que tiene el USUARIO son:<br><\/p>\n<p>\u2013 Derecho a retirar el consentimiento en cualquier momento.<br><\/p>\n<p>\u2013 Derecho de acceso, rectificaci\u00f3n, portabilidad y supresi\u00f3n de sus datos y de limitaci\u00f3n u oposici\u00f3n a su tratamiento.<\/p>\n<p>\u2013 Derecho a presentar reclamaci\u00f3n ante la autoridad de control (www.aepd.es) si considera que el tratamiento no se ajusta a la normativa vigente.<br><\/p>\n<p><i style=\"font-weight: 700;\">Datos de contacto para ejercer sus derechos:<\/i><br><\/p>\n<p>Llu\u00eds de la Fuente, Arquitectura, S.L.P.U.. C\/Sant Llu\u00eds, 24-28 1\u00ba-2\u00aa \u2013 25600 Balaguer (Lleida). E-mail:&nbsp;lluisdelafuente@coac.net<br><\/p>\n<h3 style=\"font-family: Roboto, sans-serif; color: rgb(46, 46, 46);\">2.CAR\u00c1CTER OBLIGATORIO O FACULTATIVO DE LA INFORMACI\u00d3N FACILITADA POR EL USUARIO<\/h3>\n<p>Los USUARIOS, por medio de las casillas corresponientes y la introducci\u00f3n de datos en los campos, marcados con el asterisco (*) en el formulario de contacto o presentados en formularios de descarga, aceptan expresamente y de forma libre e in\u00e9quivoca, que sus datos son necesarios para la atenci\u00f3n de su petici\u00f3n, por parte del prestamista, y por tanto la inclusi\u00f3n de los datos en los campos restantes es voluntaria. El USUARIO garantiza que los datos personales facilitados al RESPONSABLE son ver\u00eddicos y se hace responsable de comunicar cualquier modificaci\u00f3n.<\/p>\n<p>El RESPONSABLE informa que todos los datos solicitados a trav\u00e9s del sitio web son obligatorios, puesto que son necesarios para la prestaci\u00f3n de un servicio \u00f3ptimo al USUARIO. En caso de que no se faciliten todos los datos, no se garantiza que la informaci\u00f3n y servicios facilitados se ajusten completamente a sus necesidades.<\/p>\n<h3 style=\"font-family: Roboto, sans-serif; color: rgb(46, 46, 46);\">3.MEDIDAS DE SEGURIDAD<\/h3>\n<div>Que, de conformidad con lo que establecen las normativas vigentes en protecci\u00f3n de datos personales, el RESPONSABLE est\u00e1 cumpliendo con todas las disposiciones de las normativas GDPR y LOPDGDD para el tratamiento de los datos personales de su responsabilidad, y manifiestamente con los principios descritos en el art\u00edculo 5 del GDPR, por los que se tratan de forma l\u00edcita, leal y transparente en relaci\u00f3n con el interesado y adecuadas, pertinentes y limitadas a lo necesario en relaci\u00f3n con las finalidades para las que se tratan.<\/div>\n<div><br><\/div>\n<p>El RESPONSABLE garantiza que ha implementado pol\u00edticas t\u00e9cnicas y organizativas apropiadas para aplicar las medidas de seguridad establecidas por el GDPR y la LOPDGDD para proteger los derechos y libertades de los USUARIOS y les ha comunicado la informaci\u00f3n adecuada para que puedan ejercerlos.<\/p>\n<p>Para m\u00e1s informaci\u00f3n sobre las garantias de privacidad, puedes dirigirte al RESPONSABLE a trav\u00e9s de Llu\u00eds de la Fuente, Arquitectura, S.L.P.U.. C\/ Sant Llu\u00eds, 24-28 1\u00ba-2\u00aa \u2013 25600 Balaguer (Lleida). E-mail: lluisdelafuente@coac. net<\/p>\n<p style=\"margin-bottom:0cm;line-height:27.0pt;tab-stops:45.8pt 91.6pt 137.4pt 183.2pt 229.0pt 274.8pt 320.6pt 366.4pt 412.2pt 458.0pt 503.8pt 549.6pt 595.4pt 641.2pt 687.0pt 732.8pt\"><span lang=\"ES\" style=\"font-size:8.0pt;mso-bidi-font-size:4.0pt;font-family:&quot;Arial&quot;,sans-serif; mso-fareast-font-family:&quot;Times New Roman&quot;;color:#202124;mso-font-kerning:0pt; mso-ligatures:none;mso-fareast-language:CA\">&nbsp;<\/span><\/p>\n<p><br><\/p>\t\t\t\t\t\t\t\t<\/div>\n\t\t\t\t<\/div>\n\t\t\t\t\t<\/div>\n\t\t<\/div>\n\t\t\t\t\t<\/div>\n\t\t<\/section>\n\t\t\t\t<\/div>\n\t\t","protected":false},"excerpt":{"rendered":"<p>1.INFORMACI\u00d3N PARA EL USUARIO Llu\u00eds de la Fuente, Arquitectura, S.L.P.U. \u00e9s el RESPONSABLE del tratamiento de los datos personales del USUARIO y le informa que estos datos se tratar\u00e1n de conformidad con lo dispuesto en el Reglamento (UE) 2016\/679, de 27 de abril (GDPR), y la Ley Org\u00e1nica 3\/2018, de 5 de diciembre (LOPDGDD).&nbsp; \u00bfPor [&hellip;]<\/p>\n","protected":false},"author":1,"featured_media":0,"parent":0,"menu_order":0,"comment_status":"closed","ping_status":"closed","template":"","meta":{"footnotes":""},"class_list":["post-526","page","type-page","status-publish","hentry"],"_links":{"self":[{"href":"https:\/\/lluisdelafuente.cat\/es\/wp-json\/wp\/v2\/pages\/526","targetHints":{"allow":["GET"]}}],"collection":[{"href":"https:\/\/lluisdelafuente.cat\/es\/wp-json\/wp\/v2\/pages"}],"about":[{"href":"https:\/\/lluisdelafuente.cat\/es\/wp-json\/wp\/v2\/types\/page"}],"author":[{"embeddable":true,"href":"https:\/\/lluisdelafuente.cat\/es\/wp-json\/wp\/v2\/users\/1"}],"replies":[{"embeddable":true,"href":"https:\/\/lluisdelafuente.cat\/es\/wp-json\/wp\/v2\/comments?post=526"}],"version-history":[{"count":40,"href":"https:\/\/lluisdelafuente.cat\/es\/wp-json\/wp\/v2\/pages\/526\/revisions"}],"predecessor-version":[{"id":1256,"href":"https:\/\/lluisdelafuente.cat\/es\/wp-json\/wp\/v2\/pages\/526\/revisions\/1256"}],"wp:attachment":[{"href":"https:\/\/lluisdelafuente.cat\/es\/wp-json\/wp\/v2\/media?parent=526"}],"curies":[{"name":"wp","href":"https:\/\/api.w.org\/{rel}","templated":true}]}}